{"id":3,"date":"2024-04-24T17:29:16","date_gmt":"2024-04-24T17:29:16","guid":{"rendered":"https:\/\/coloramor.com\/?page_id=3"},"modified":"2024-05-30T15:30:40","modified_gmt":"2024-05-30T15:30:40","slug":"aviso-privacidad","status":"publish","type":"page","link":"https:\/\/coloramor.com\/en\/aviso-privacidad\/","title":{"rendered":"Aviso de Privacidad"},"content":{"rendered":"<div data-elementor-type=\"wp-page\" data-elementor-id=\"3\" class=\"elementor elementor-3\">\n\t\t\t\t\t\t<div class=\"elementor-section elementor-top-section elementor-element elementor-element-4e8d8ba5 elementor-section-stretched elementor-section-boxed elementor-section-height-default elementor-section-height-default\" data-id=\"4e8d8ba5\" data-element_type=\"section\" data-settings=\"{&quot;stretch_section&quot;:&quot;section-stretched&quot;}\">\n\t\t\t\t\t\t<div class=\"elementor-container elementor-column-gap-no\">\n\t\t\t\t\t<div class=\"elementor-column elementor-col-100 elementor-top-column elementor-element elementor-element-66ae4b87\" data-id=\"66ae4b87\" data-element_type=\"column\">\n\t\t\t<div class=\"elementor-widget-wrap elementor-element-populated\">\n\t\t\t\t\n\n\t\t<div class=\"elementor-element elementor-element-60e84942 elementor-widget elementor-widget-heading\" data-id=\"60e84942\" data-element_type=\"widget\" data-widget_type=\"heading.default\">\n\t\t\t\t<div class=\"elementor-widget-container\">\n\t\t\t<style>\/*! elementor - v3.21.0 - 26-05-2024 *\/\n.elementor-heading-title{padding:0;margin:0;line-height:1}.elementor-widget-heading .elementor-heading-title[class*=elementor-size-]>a{color:inherit;font-size:inherit;line-height:inherit}.elementor-widget-heading .elementor-heading-title.elementor-size-small{font-size:15px}.elementor-widget-heading .elementor-heading-title.elementor-size-medium{font-size:19px}.elementor-widget-heading .elementor-heading-title.elementor-size-large{font-size:29px}.elementor-widget-heading .elementor-heading-title.elementor-size-xl{font-size:39px}.elementor-widget-heading .elementor-heading-title.elementor-size-xxl{font-size:59px}<\/style><h2 class=\"elementor-heading-title elementor-size-default\">Aviso de Privacidad<\/h2>\t\t<\/div>\n\t\t\t\t<\/div>\n\t\t\t\t\t<\/div>\n\t\t<\/div>\n\t\t\t\t\t<\/div>\n\t\t<\/div>\n\t\t<div class=\"elementor-element elementor-element-34aa5a35 e-flex e-con-boxed e-con e-parent\" data-id=\"34aa5a35\" data-element_type=\"container\">\n\t\t\t\t\t<div class=\"e-con-inner\">\n\t\t\t\t<div class=\"elementor-element elementor-element-5f850f77 elementor-widget elementor-widget-text-editor\" data-id=\"5f850f77\" data-element_type=\"widget\" data-widget_type=\"text-editor.default\">\n\t\t\t\t<div class=\"elementor-widget-container\">\n\t\t\t<style>\/*! elementor - v3.21.0 - 26-05-2024 *\/\n.elementor-widget-text-editor.elementor-drop-cap-view-stacked .elementor-drop-cap{background-color:#69727d;color:#fff}.elementor-widget-text-editor.elementor-drop-cap-view-framed .elementor-drop-cap{color:#69727d;border:3px solid;background-color:transparent}.elementor-widget-text-editor:not(.elementor-drop-cap-view-default) .elementor-drop-cap{margin-top:8px}.elementor-widget-text-editor:not(.elementor-drop-cap-view-default) .elementor-drop-cap-letter{width:1em;height:1em}.elementor-widget-text-editor .elementor-drop-cap{float:left;text-align:center;line-height:1;font-size:50px}.elementor-widget-text-editor .elementor-drop-cap-letter{display:inline-block}<\/style>\t\t\t\t<p>Kirpo S.A.P.I.(en lo sucesivo \u201cKirpo\u201d), es una sociedad debidamente constituida de conformidad con las leyes y regulaciones de los Estados Unidos Mexicanos, la cual tiene su domicilio ubicado en Carretera Tepatitl\u00e1n-Arandas Km 4.5, Tepatitl\u00e1n de Morelos, Jalisco, CP. 47700, misma que es responsable del uso y protecci\u00f3n de sus datos personales, por lo cual a trav\u00e9s del presente aviso de privacidad se hace de su conocimiento que toda la informaci\u00f3n que nos sea proporcionada de su parte, ser\u00e1 tratada de conformidad con la regulaci\u00f3n establecida en la Ley Federal de Protecci\u00f3n de Datos Personales en Posesi\u00f3n de los Particulares.\u00a0<\/p><p><strong>FORMA DE RECABAR LOS DATOS PERSONALES.<\/strong><\/p><p>\u201cKIRPO\u201d a partir de ahora CASA TEQUILERA COLOR AMOR, recabar\u00e1 sus datos personales que sean \u00fanicamente necesarios para la prestaci\u00f3n de nuestros servicios y el cumplimiento de las obligaciones jur\u00eddicas y comerciales que tengamos con usted, esto a trav\u00e9s de nuestros sitios web, p\u00e1ginas web, portales de internet, tiendas electr\u00f3nicas, agencias y\/o oficinas virtuales, (en lo sucesivo \u201cLos sitios web\u201d) o por medio de cualquier tercero que preste sus servicios de forma directa a \u201ccolor amor\u201d.<\/p><p>Los datos personales que vamos a recabar y que son sujetos a tratamiento son:<\/p><ol><li>Datos de identificaci\u00f3n: nombre completo.<\/li><li>Datos de contacto: correo electr\u00f3nico y tel\u00e9fonos (casa, trabajo y\/o celular).\u00a0<\/li><\/ol><p><strong>FINALIDADES.<\/strong><\/p><p>Al momento de proporcionarnos sus datos personales, usted autoriza y consiente el tratamiento de los mismos dentro de los Estados Unidos Mexicanos, como fuera del mismo, por \u201cCOLOR AMOR\u201d y\/o con terceros que mantengan relaci\u00f3n jur\u00eddica, profesional y\/o comercial, con las siguientes finalidades:<\/p><ol><li>Ofrecerle bienes.<\/li><li>Responder a sus solicitudes de servicio al cliente.<\/li><li>Responder a sus comentarios y\/o preguntas.<\/li><li>Hacerle llegar recomendaciones de productos.<\/li><li>Enviarle informaci\u00f3n sobre promocionales, publicidad especializada y ofertas relevantes adicionales que consideremos de su agrado.\u00a0<\/li><li>Notificarle sobre cambios a \u201cLos sitios web\u201d.<\/li><li>Para fines mercadot\u00e9cnicos y administrativos.<\/li><li>Para hacerle llegar campa\u00f1as publicitarias de nuevos productos o promociones.<\/li><\/ol><p>Las finalidades se\u00f1aladas en los numerales I, II y III son requeridas en el origen de la relaci\u00f3n comercial y jur\u00eddica con usted, las finalidades se\u00f1aladas con los numerales IV, V, VI, VII y VIII, no son necesarias para mantener la relaci\u00f3n comercial y jur\u00eddica con usted, por lo cual le solicitamos que nos indique si acepta o rechaza el tratamiento de los numerales IV, V, VI, VII y VIII.<\/p><p>\u00a0\u00a0\u00a0\u00a0\u00a0\u00a0\u2610\u00a0Acepto y consiento que mis datos personales sean tratados en las finalidades IV, V, VI, VII y VIII del presente aviso de privacidad.\u00a0<\/p><p><strong>USO DE COOKIES.<\/strong><\/p><p>Al momento de ingresar a \u201cLos sitios web\u201d de \u201cCOLOR AMOR\u201d, podr\u00e1 existir ocasiones en que \u201cCOLOR AMOR\u201d pueda almacenar y recabar la informaci\u00f3n referente a su ingreso, este registro es de caracter\u00edstica an\u00f3nima por medio de la tecnolog\u00eda denominada \u201cCookie\u201d. Una \u201cCookie\u201d es un mecanismo inform\u00e1tico que un sitio web a puede enviar a su navegador de internet, el cual utiliza los sistemas internos de \u201cCOLOR AMOR\u201d, las \u201cCookies\u201d nos apoyan en proporcionarnos la duraci\u00f3n y hora de su estad\u00eda en \u201cLos sitios web\u201d, as\u00ed como del sitio web donde proviene su ingreso al nuestro. Dicha informaci\u00f3n nos sirve para medir la actividad interna de \u201cLos sitios web\u201d y as\u00ed poder realizar los ajustes requeridos y necesarios a nuestros clientes, en cualquier momento tiene usted el derecho de bloquear las \u201cCookies\u201d cambiando de forma directa la configuraci\u00f3n de su navegador de internet de acuerdo con la opci\u00f3n que los mismos les proporcionen desde el primer momento que ingresa a \u201cLos sitios web\u201d.<\/p><p><strong>V\u00cdNCULOS A SITIOS WEB.<\/strong><\/p><p>En \u201cLos sitios web\u201d de \u201cCOLOR AMOR\u201d pueden llegar a tener enlaces a otros sitios web, por lo cual una vez que usted utilice dichos enlaces para abandonar \u201cLos sitios web\u201d de \u201cCOLOR AMOR\u201d, deber\u00e1 tener en cuenta que no podemos tener ning\u00fan control sobre los sitios web a los cuales ingresa, lo anterior se deriva porque no se rigen bajo los lineamientos del presente Aviso de Privacidad, por lo cual \u201cCOLOR AMOR\u201d no se hace responsable del tratamiento, privacidad, confidencialidad y\/o protecci\u00f3n de su informaci\u00f3n al visitar los sitios web mencionados anteriormente.\u00a0\u00a0<\/p><p><strong>PROTECCI\u00d3N DE LOS DATOS PERSONALES.\u00a0<\/strong><\/p><p>\u201cCOLOR AMOR\u201d presume que toda la informaci\u00f3n ingresada y\/o presentada en \u201cLos sitios web\u201d, fue realizada por el titular y es ver\u00eddica, vigente y exacta, por lo cual \u201cCOLOR AMOR\u201d no se hace responsable por el ingreso err\u00f3neo de los datos y\/o informaci\u00f3n y las consecuencias que puedan llegar a suscitarse por dicho acontecimiento. \u201cCOLOR AMOR\u201d se compromete a mantener la seguridad y confidencialidad de sus datos personales, sin embargo, del m\u00e1ximo compromiso de \u201cCOLOR AMOR\u201d para mantener la seguridad y confidencialidad de sus datos, \u201cCOLOR AMOR\u201d no puede garantizar al 100% el resguardo de los mismos, por lo que al momento de recabarlos \u201cCOLOR AMOR\u201d realizara todo lo posible para resguardarlos.\u00a0\u00a0<\/p><p><strong>TRANSFERENCIAS DE DATOS PERSONALES.\u00a0<\/strong><\/p><p>Con el prop\u00f3sito de cumplir con nuestras finalidades mencionadas en el presente aviso de privacidad, le comunicamos que sus datos personales pueden ser sujetos a ser tratados y\/o transferidos dentro y fuera de los Estados Unidos Mexicanos, por diversas empresas distintas a \u201cCOLOR AMOR\u201d, dichas empresas pueden estar dedicadas a la venta y\/o comercializaci\u00f3n de productos o diversas actividades econ\u00f3micas. Estas empresas que reciban informaci\u00f3n relativa a los datos personales, estar\u00e1n sujetas a lo previsto por el presente aviso de privacidad, por lo cual tiene autorizaci\u00f3n de contactarlo de forma directa por el cumplimiento de las finalidades mencionadas anteriormente. Las empresas a las cuales se les transfieran los datos personales se comprometen a tener las mismas medidas de confidencialidad y seguridad.\u00a0<\/p><p>\u201cCOLOR AMOR\u201d se compromete a no realizar ninguna transferencia de sus datos personales a terceros sin su consentimiento, a excepci\u00f3n de los casos previstos por el art\u00edculo 37 de la Ley Federal de Protecci\u00f3n de Datos Personales en Posesi\u00f3n de los Particulares y que aplican las finalidades se\u00f1aladas en los numerales I, II y III establecidas anteriormente, en cuyo caso \u201cCOLOR AMOR\u201d se compromete a realizar la transferencia conforme a los t\u00e9rminos estrictos que marca la Ley, el reglamento y\/o cualquier lineamiento en materia.\u00a0\u00a0<\/p><p><strong>ACCESO, RECTIFICACI\u00d3N, CANCELACI\u00d3N U OPOSICI\u00d3N DE DATOS PERSONALES (SOLICITUD ARCO).<\/strong><\/p><p>Sus datos ser\u00e1n tratados de conformidad con la legislaci\u00f3n vigente y aplicable en el pa\u00eds, por lo cual le informamos que en cualquier momento usted puede ejercer su derecho de acceder, rectificar, cancelar y oponerse al tratamiento que se le est\u00e1 dando a sus datos personales (Derechos \u201cARCO\u201d); podr\u00e1 ejercer dichos derechos por medio de una solicitud escrita conforme a lo establecido en la Ley General de Protecci\u00f3n de Datos Personales en Posesi\u00f3n de Particulares y su reglamento, enviando un correo al correo electr\u00f3nico\u00a0<a href=\"mailto:adminweb@coloramor.com\">adminweb@coloramor.com<\/a>o presentando una solicitud de forma directa en el departamento de datos personales en el domicilio mencionado anteriormente.\u00a0<\/p><p>Su solicitud deber\u00e1 indicar su nombre competo, direcci\u00f3n donde requiera recibir la informaci\u00f3n relacionada con el tr\u00e1mite, correo electr\u00f3nico y deber\u00e1 estar adjuntada a los documentos con los cuales pueda acreditar su identidad o la personalidad con la que se ostenta el apoderado legal (En caso que sea v\u00eda apoderado legal se tendr\u00e1 que otorgar una carta poder ante dos testigos, la cual sea promovida a trav\u00e9s de dicho apoderado legal), as\u00ed como cualquier otra informaci\u00f3n y\/o documentaci\u00f3n que sea relativa a identificar sus datos personales. Si usted desea rectificar alguno de sus datos personales, deber\u00e1 indicarnos cual ser\u00e1 la modificaci\u00f3n precisa de sus datos personales y nos deber\u00e1 adjuntar con su solicitud la documentaci\u00f3n que nos de soporte para realizar la rectificaci\u00f3n. \u201cCOLOR AMOR\u201d contar\u00e1 con un plazo de 20 d\u00edas siguientes a aquel en que el departamento de datos personales recibi\u00f3 su solicitud.\u00a0<\/p><p>Le comentamos que para su protecci\u00f3n y beneficio le solicitaremos informaci\u00f3n y\/o documentos que nos ayude a acreditar los cambios y\/o correcciones de los datos personales que desea acceder, rectificar, cancelar y\/o oponerse. Por motivos de regulaci\u00f3n en las leyes y\/o reglamentos \u201cCOLOR AMOR\u201d no podr\u00e1 cancelar o bloquear la totalidad de sus datos personales.<\/p><p>El ejercicio de sus derechos \u201cARCO\u201d es totalmente gratuito, por lo cual \u201cCOLOR AMOR\u201d \u00fanicamente podr\u00e1 solicitarle el pago de los gastos en que se incurran por el env\u00edo, transporte o costos de reproducci\u00f3n de los mismos.\u00a0<\/p><p>Con la finalidad de poder evitar cualquier acceso no autorizado a sus datos personales, \u201cCOLOR AMOR\u201d utiliza mecanismos internos administrativos y electr\u00f3nicos que previene el tratamiento de los mismos por cualquier tercero ajeno.\u00a0<\/p><p><strong>DEPARTAMENTO DE DATOS PERSONALES<\/strong><\/p><p>Ponemos a su disposici\u00f3n los datos de contacto de la persona o departamento de datos personales que est\u00e1 a cargo del tr\u00e1mite de las solicitudes de derechos ARCO.<\/p><p><strong>Nombre de la persona o departamento de datos personales:\u00a0<\/strong>Departamento de datos personales.<br \/><strong>Domicilio:<\/strong>\u00a0Carretera Tepatitl\u00e1n-Arandas Km 4.5, Tepatitl\u00e1n de Morelos, Jalisco, CP. 47700<br \/><strong>Correo Electr\u00f3nico:<\/strong>\u00a0<a href=\"mailto:adminweb@coloramor.com\">adminweb@coloramor.com<\/a><\/p><p><strong>LIMITACI\u00d3N DE PUBLICIDAD.\u00a0<\/strong><\/p><p>En cualquier momento usted puede dejar de recibir nuestras promociones y\/o mensajes publicitarios, \u00fanicamente ingresando y realizando el proceso correspondiente en el \u201cRegistro P\u00fablico para Evitar Publicidad\u201d de la Procuradur\u00eda Federal del Consumidor, para obtener m\u00e1s informaci\u00f3n relativa a este tema, puede ingresar a la p\u00e1gina de internet\u00a0<a href=\"https:\/\/profeco.gob.mx\/\">www.profeco.gob.mx<\/a>\u00a0As\u00ed mismo, usted puede dejar de recibir informaci\u00f3n publicitaria enviando un correo con su solicitud a la direcci\u00f3n de correo electr\u00f3nico\u00a0\u00a0<a href=\"mailto:adminweb@coloramor.com\">adminweb@coloramor.com<\/a>o llamando a trav\u00e9s del n\u00famero telef\u00f3nico\u00a0378, por medio de los cuales se llevar\u00e1 de forma conjunta el proceso.\u00a0\u00a0<\/p><p><strong>CONSENTIMIENTO Y REVOCACI\u00d3N PARA EL USO DE SUS DATOS PERSONALES.\u00a0<\/strong><\/p><p>Puede usted revocar en su caso el consentimiento que nos fue otorgado para el tratamiento de sus datos personales, sin embargo, es de vital importancia que usted tenga en cuenta que no en todas las situaciones podemos realizar su solicitud para el tratamiento de sus datos personales, ya que pueden llegar a existir obligaciones legales que lo impida.\u00a0<\/p><p>Usted podr\u00e1 revocar su consentimiento por medio del siguiente procedimiento:<\/p><p>A trav\u00e9s del departamento de datos personales, por medio de solicitud escrita al correo electr\u00f3nico \u00a0<a href=\"mailto:adminweb@coloramor.com\">adminweb@coloramor.com<\/a> o presentando solicitud por escrito en domicilio se\u00f1alado en la parte inicial del presente aviso de privacidad, en dicha solicitud deber\u00e1 incluir su nombre completo, direcci\u00f3n de correo electr\u00f3nico, el domicilio en donde le haremos llegar la informaci\u00f3n de su solicitud y deber\u00e1 adjuntar los documentos que confirme su identidad o en su caso la personalidad del apoderado legal (En caso que sea v\u00eda apoderado legal, se deber\u00e1 adjuntar carta poder simple ante dos testigos). \u201cCOLOR AMOR\u201d contar\u00e1 con un plazo de 20 d\u00edas siguientes a aquel en que el departamento de datos personales recibi\u00f3 su solicitud.<\/p><p><strong>MODIFICACIONES AL PRESENTE AVISO DE PRIVACIDAD<\/strong><\/p><p>El presente aviso de privacidad podr\u00e1 ser modificado de tiempo en tiempo por \u201cCOLOR AMOR\u201d, dichas modificaciones ser\u00e1n informadas por medio de \u201cLos sitios web\u201d, el sitio de internet <a href=\"https:\/\/coloramor.com\/en\/\">www.coloramor.com<\/a> o a trav\u00e9s de cualquier otro medio de comunicaci\u00f3n oral, impreso o electr\u00f3nico que \u201cCOLOR AMOR\u201d determine.\u00a0<\/p><p>De conformidad con lo establecido en la Ley Federal de Protecci\u00f3n de Datos Personales en Posesi\u00f3n de los Particulares, por este medio reconozco que he le\u00eddo y entendido todos los alcances del presente Aviso de Privacidad de \u201cCOLOR AMOR\u201d.<\/p><p>\u00a0<\/p>\t\t\t\t\t\t<\/div>\n\t\t\t\t<\/div>\n\t\t\t\t\t<\/div>\n\t\t\t\t<\/div>\n\t\t\t\t<\/div>","protected":false},"excerpt":{"rendered":"<p>Aviso de Privacidad Kirpo S.A.P.I.(en lo sucesivo \u201cKirpo\u201d), es una sociedad debidamente constituida de conformidad con las leyes y regulaciones de los Estados Unidos Mexicanos, la cual tiene su domicilio ubicado en Carretera Tepatitl\u00e1n-Arandas Km 4.5, Tepatitl\u00e1n de Morelos, Jalisco, CP. 47700, misma que es responsable del uso y protecci\u00f3n de sus datos personales, por [&hellip;]<\/p>","protected":false},"author":1,"featured_media":0,"parent":0,"menu_order":0,"comment_status":"closed","ping_status":"closed","template":"","meta":{"inline_featured_image":false,"footnotes":""},"class_list":["post-3","page","type-page","status-publish","hentry"],"_links":{"self":[{"href":"https:\/\/coloramor.com\/en\/wp-json\/wp\/v2\/pages\/3","targetHints":{"allow":["GET"]}}],"collection":[{"href":"https:\/\/coloramor.com\/en\/wp-json\/wp\/v2\/pages"}],"about":[{"href":"https:\/\/coloramor.com\/en\/wp-json\/wp\/v2\/types\/page"}],"author":[{"embeddable":true,"href":"https:\/\/coloramor.com\/en\/wp-json\/wp\/v2\/users\/1"}],"replies":[{"embeddable":true,"href":"https:\/\/coloramor.com\/en\/wp-json\/wp\/v2\/comments?post=3"}],"version-history":[{"count":12,"href":"https:\/\/coloramor.com\/en\/wp-json\/wp\/v2\/pages\/3\/revisions"}],"predecessor-version":[{"id":7099,"href":"https:\/\/coloramor.com\/en\/wp-json\/wp\/v2\/pages\/3\/revisions\/7099"}],"wp:attachment":[{"href":"https:\/\/coloramor.com\/en\/wp-json\/wp\/v2\/media?parent=3"}],"curies":[{"name":"wp","href":"https:\/\/api.w.org\/{rel}","templated":true}]}}