{"id":950,"date":"2021-07-12T09:47:53","date_gmt":"2021-07-12T09:47:53","guid":{"rendered":"https:\/\/demo2wpopal.b-cdn.net\/bodoni\/?page_id=950"},"modified":"2024-05-24T16:08:43","modified_gmt":"2024-05-24T16:08:43","slug":"nosotros","status":"publish","type":"page","link":"https:\/\/coloramor.com\/en\/nosotros\/","title":{"rendered":"About Us"},"content":{"rendered":"<div data-elementor-type=\"wp-page\" data-elementor-id=\"950\" class=\"elementor elementor-950\">\n\t\t\t\t\t\t<div class=\"elementor-section elementor-top-section elementor-element elementor-element-6d6e1ce elementor-section-full_width elementor-section-stretched elementor-section-height-min-height elementor-section-height-default elementor-section-items-middle\" data-id=\"6d6e1ce\" data-element_type=\"section\" data-settings=\"{&quot;stretch_section&quot;:&quot;section-stretched&quot;,&quot;background_background&quot;:&quot;classic&quot;}\">\n\t\t\t\t\t\t\t<div class=\"elementor-background-overlay\"><\/div>\n\t\t\t\t\t\t\t<div class=\"elementor-container elementor-column-gap-no\">\n\t\t\t\t\t<div class=\"elementor-column elementor-col-100 elementor-top-column elementor-element elementor-element-47de35c\" data-id=\"47de35c\" data-element_type=\"column\">\n\t\t\t<div class=\"elementor-widget-wrap elementor-element-populated\">\n\t\t\t\t\n\n\t\t<div class=\"elementor-element elementor-element-b1bdcd7 elementor-widget elementor-widget-heading\" data-id=\"b1bdcd7\" data-element_type=\"widget\" data-widget_type=\"heading.default\">\n\t\t\t\t<div class=\"elementor-widget-container\">\n\t\t\t<style>\/*! elementor - v3.21.0 - 26-05-2024 *\/\n.elementor-heading-title{padding:0;margin:0;line-height:1}.elementor-widget-heading .elementor-heading-title[class*=elementor-size-]>a{color:inherit;font-size:inherit;line-height:inherit}.elementor-widget-heading .elementor-heading-title.elementor-size-small{font-size:15px}.elementor-widget-heading .elementor-heading-title.elementor-size-medium{font-size:19px}.elementor-widget-heading .elementor-heading-title.elementor-size-large{font-size:29px}.elementor-widget-heading .elementor-heading-title.elementor-size-xl{font-size:39px}.elementor-widget-heading .elementor-heading-title.elementor-size-xxl{font-size:59px}<\/style><h1 class=\"elementor-heading-title elementor-size-default\">Welcome to<\/h1>\t\t<\/div>\n\t\t\t\t<\/div>\n\t\t\t\t<div class=\"elementor-element elementor-element-70b0cd1 elementor-widget elementor-widget-heading\" data-id=\"70b0cd1\" data-element_type=\"widget\" data-widget_type=\"heading.default\">\n\t\t\t\t<div class=\"elementor-widget-container\">\n\t\t\t<h1 class=\"elementor-heading-title elementor-size-default\">CASA TEQUILERA COLORAMOR<\/h1>\t\t<\/div>\n\t\t\t\t<\/div>\n\t\t\t\t<div class=\"elementor-element elementor-element-cb5f012 elementor-widget elementor-widget-heading\" data-id=\"cb5f012\" data-element_type=\"widget\" data-widget_type=\"heading.default\">\n\t\t\t\t<div class=\"elementor-widget-container\">\n\t\t\t<h2 class=\"elementor-heading-title elementor-size-default\">The Soul of Tequila from the Highlands of Jalisco<\/h2>\t\t<\/div>\n\t\t\t\t<\/div>\n\t\t\t\t\t<\/div>\n\t\t<\/div>\n\t\t\t\t\t<\/div>\n\t\t<\/div>\n\t\t\t\t<div class=\"elementor-section elementor-top-section elementor-element elementor-element-c345834 elementor-section-stretched elementor-section-boxed elementor-section-height-default elementor-section-height-default\" data-id=\"c345834\" data-element_type=\"section\" data-settings=\"{&quot;stretch_section&quot;:&quot;section-stretched&quot;,&quot;background_background&quot;:&quot;classic&quot;}\">\n\t\t\t\t\t\t<div class=\"elementor-container elementor-column-gap-no\">\n\t\t\t\t\t<div class=\"elementor-column elementor-col-50 elementor-top-column elementor-element elementor-element-511e0a5\" data-id=\"511e0a5\" data-element_type=\"column\" data-settings=\"{&quot;background_background&quot;:&quot;classic&quot;}\">\n\t\t\t<div class=\"elementor-widget-wrap elementor-element-populated\">\n\t\t\t\t\t\t<div class=\"elementor-element elementor-element-55dd37f elementor-widget elementor-widget-heading\" data-id=\"55dd37f\" data-element_type=\"widget\" data-widget_type=\"heading.default\">\n\t\t\t\t<div class=\"elementor-widget-container\">\n\t\t\t<h2 class=\"elementor-heading-title elementor-size-default\">ABOUT US<\/h2>\t\t<\/div>\n\t\t\t\t<\/div>\n\t\t\t\t<div class=\"elementor-element elementor-element-1468903 elementor-widget elementor-widget-heading\" data-id=\"1468903\" data-element_type=\"widget\" data-widget_type=\"heading.default\">\n\t\t\t\t<div class=\"elementor-widget-container\">\n\t\t\t<h2 class=\"elementor-heading-title elementor-size-default\">We are CASA TEQUILERA COLORAMOR<\/h2>\t\t<\/div>\n\t\t\t\t<\/div>\n\t\t\t\t<div class=\"elementor-element elementor-element-fa3eed7 elementor-widget elementor-widget-image\" data-id=\"fa3eed7\" data-element_type=\"widget\" data-widget_type=\"image.default\">\n\t\t\t\t<div class=\"elementor-widget-container\">\n\t\t\t<style>\/*! elementor - v3.21.0 - 26-05-2024 *\/\n.elementor-widget-image{text-align:center}.elementor-widget-image a{display:inline-block}.elementor-widget-image a img[src$=\".svg\"]{width:48px}.elementor-widget-image img{vertical-align:middle;display:inline-block}<\/style>\t\t\t\t\t\t\t\t\t\t<img decoding=\"async\" width=\"70\" height=\"3\" src=\"https:\/\/coloramor.com\/wp-content\/uploads\/2021\/07\/Vector-1.png\" class=\"attachment-full size-full wp-image-1400\" alt=\"\" srcset=\"https:\/\/coloramor.com\/wp-content\/uploads\/2021\/07\/Vector-1.png 70w, https:\/\/coloramor.com\/wp-content\/uploads\/2021\/07\/Vector-1-50x3.png 50w\" sizes=\"(max-width: 70px) 100vw, 70px\" \/>\t\t\t\t\t\t\t\t\t\t\t\t\t<\/div>\n\t\t\t\t<\/div>\n\t\t\t\t<div class=\"elementor-element elementor-element-125ccff elementor-widget__width-initial elementor-widget elementor-widget-text-editor\" data-id=\"125ccff\" data-element_type=\"widget\" data-widget_type=\"text-editor.default\">\n\t\t\t\t<div class=\"elementor-widget-container\">\n\t\t\t<style>\/*! elementor - v3.21.0 - 26-05-2024 *\/\n.elementor-widget-text-editor.elementor-drop-cap-view-stacked .elementor-drop-cap{background-color:#69727d;color:#fff}.elementor-widget-text-editor.elementor-drop-cap-view-framed .elementor-drop-cap{color:#69727d;border:3px solid;background-color:transparent}.elementor-widget-text-editor:not(.elementor-drop-cap-view-default) .elementor-drop-cap{margin-top:8px}.elementor-widget-text-editor:not(.elementor-drop-cap-view-default) .elementor-drop-cap-letter{width:1em;height:1em}.elementor-widget-text-editor .elementor-drop-cap{float:left;text-align:center;line-height:1;font-size:50px}.elementor-widget-text-editor .elementor-drop-cap-letter{display:inline-block}<\/style>\t\t\t\t<p><span style=\"font-weight: 400;\">COLORAMOR is Mexico, a multicolored kaleidoscope of impressions that end up blending into a single tone, the color of life.<\/span><\/p><p><span style=\"font-weight: 400;\">Color and love. That's the philosophy that defines us: to give color and love to life. To fill\nevery action, and every aspect of life<\/span><\/p><p><span style=\"font-weight: 400;\">with the love that bursts into a joyful celebration.\nWe are tequila makers. With COLORAMOR, our tequila, we celebrate the values<\/span><\/p><p><span style=\"font-weight: 400;\">that guide us in our enterprise.<\/span><\/p><p><span style=\"font-weight: 400;\">COLORAMOR is color and love for the land. We value the generous nature of Mother Nature. We understand that the more we do for her, the reater her reciprocity. That's why we are evotedly dedicated to her care and improvement, and we do everything we can to protect her and make her thrive. And we are persistent in achieving the ideal balance in the ecosystem <\/span><span style=\"font-weight: 400;\">of which we are a part.<\/span><\/p><p><span style=\"font-weight: 400;\">COLORAMOR is also color and love for society. We strive to sustain economic well-being in our surroundings.<\/span><\/p><p><span style=\"font-weight: 400;\">More than just fair treatment, we continually seek to engage in the growth of society. We want to generate <\/span><span style=\"font-weight: 400;\">abundance for all, minimizing any negative impact of our activities.<\/span><\/p><p><span style=\"font-weight: 400;\">Color and love for communities. This requires more than economic growth. Consequently, we continue <\/span><span style=\"font-weight: 400;\">to develop practices and projects that enhance the quality of life for all who participate, in one way or another, <\/span><span style=\"font-weight: 400;\">in this great project.<\/span><\/p><p><span style=\"font-weight: 400;\">Tequila COLORAMOR is all this and more. Much more. Above all, COLORAMOR is the sum of all the great moments <\/span><span style=\"font-weight: 400;\">you share with those who matter most to you. The laughter, the dances, the deep or carefree conversations, the music, the comfortable silences, the simple joy of being here, now, together. We call it LIFE! This is our vision of a better world. And we share it with you with a hug that reaches and seduces your soul: a caress.\nTequila COLORAMOR, the deepest embrace.<\/span><\/p>\t\t\t\t\t\t<\/div>\n\t\t\t\t<\/div>\n\t\t\t\t\t<\/div>\n\t\t<\/div>\n\t\t\t\t<div class=\"elementor-column elementor-col-50 elementor-top-column elementor-element elementor-element-1386130\" data-id=\"1386130\" data-element_type=\"column\" data-settings=\"{&quot;background_background&quot;:&quot;classic&quot;}\">\n\t\t\t<div class=\"elementor-widget-wrap\">\n\t\t\t\t\t\t\t<\/div>\n\t\t<\/div>\n\t\t\t\t\t<\/div>\n\t\t<\/div>\n\t\t\t\t<\/div>","protected":false},"excerpt":{"rendered":"<p>Bienvenidos a CASA TEQUILERA COLORAMOR Alma del Tequila de los Altos de Jalisco sobre nosotros Somos CASA TEQUILERA COLORAMOR COLORAMOR es M\u00e9xico, un caleidoscopio multicolor de impresiones que acaban fundi\u00e9ndose en un solo tono, el color de la vida. Color y amor. As\u00ed es la filosof\u00eda que nos define: dar color y amor a la [&hellip;]<\/p>","protected":false},"author":1,"featured_media":0,"parent":0,"menu_order":0,"comment_status":"closed","ping_status":"closed","template":"template-homepage.php","meta":{"inline_featured_image":false,"footnotes":""},"class_list":["post-950","page","type-page","status-publish","hentry"],"_links":{"self":[{"href":"https:\/\/coloramor.com\/en\/wp-json\/wp\/v2\/pages\/950","targetHints":{"allow":["GET"]}}],"collection":[{"href":"https:\/\/coloramor.com\/en\/wp-json\/wp\/v2\/pages"}],"about":[{"href":"https:\/\/coloramor.com\/en\/wp-json\/wp\/v2\/types\/page"}],"author":[{"embeddable":true,"href":"https:\/\/coloramor.com\/en\/wp-json\/wp\/v2\/users\/1"}],"replies":[{"embeddable":true,"href":"https:\/\/coloramor.com\/en\/wp-json\/wp\/v2\/comments?post=950"}],"version-history":[{"count":40,"href":"https:\/\/coloramor.com\/en\/wp-json\/wp\/v2\/pages\/950\/revisions"}],"predecessor-version":[{"id":7050,"href":"https:\/\/coloramor.com\/en\/wp-json\/wp\/v2\/pages\/950\/revisions\/7050"}],"wp:attachment":[{"href":"https:\/\/coloramor.com\/en\/wp-json\/wp\/v2\/media?parent=950"}],"curies":[{"name":"wp","href":"https:\/\/api.w.org\/{rel}","templated":true}]}}